{"id":9,"date":"2020-08-12T08:17:00","date_gmt":"2020-08-12T08:17:00","guid":{"rendered":"https:\/\/democontent.codex-themes.com\/sites-elementor\/coming-soon-pages\/?page_id=9"},"modified":"2025-08-18T03:49:39","modified_gmt":"2025-08-18T00:49:39","slug":"yakinda","status":"publish","type":"page","link":"https:\/\/bilioelitteam.com\/?page_id=9","title":{"rendered":"Yak\u0131nda"},"content":{"rendered":"<p>NEREDEYSE<br \/>haz\u0131r.<\/p>\n<p>Son r\u00fctu\u015flar yap\u0131lmakta&#8230;<\/p>\n<p>\t\t\t\t<a><\/a><br \/>\n\t\t\t\t\t\t\tA\u00e7\u0131l\u0131\u015fa kalan g\u00fcn<\/p>\n","protected":false},"excerpt":{"rendered":"<p>NEREDEYSEhaz\u0131r. Son r\u00fctu\u015flar yap\u0131lmakta&#8230; A\u00e7\u0131l\u0131\u015fa kalan g\u00fcn<\/p>\n","protected":false},"author":1,"featured_media":0,"parent":0,"menu_order":0,"comment_status":"closed","ping_status":"closed","template":"page-fullwidth.php","meta":{"footnotes":""},"class_list":["post-9","page","type-page","status-publish"],"_links":{"self":[{"href":"https:\/\/bilioelitteam.com\/index.php?rest_route=\/wp\/v2\/pages\/9","targetHints":{"allow":["GET"]}}],"collection":[{"href":"https:\/\/bilioelitteam.com\/index.php?rest_route=\/wp\/v2\/pages"}],"about":[{"href":"https:\/\/bilioelitteam.com\/index.php?rest_route=\/wp\/v2\/types\/page"}],"author":[{"embeddable":true,"href":"https:\/\/bilioelitteam.com\/index.php?rest_route=\/wp\/v2\/users\/1"}],"replies":[{"embeddable":true,"href":"https:\/\/bilioelitteam.com\/index.php?rest_route=%2Fwp%2Fv2%2Fcomments&post=9"}],"version-history":[{"count":4,"href":"https:\/\/bilioelitteam.com\/index.php?rest_route=\/wp\/v2\/pages\/9\/revisions"}],"predecessor-version":[{"id":1092,"href":"https:\/\/bilioelitteam.com\/index.php?rest_route=\/wp\/v2\/pages\/9\/revisions\/1092"}],"wp:attachment":[{"href":"https:\/\/bilioelitteam.com\/index.php?rest_route=%2Fwp%2Fv2%2Fmedia&parent=9"}],"curies":[{"name":"wp","href":"https:\/\/api.w.org\/{rel}","templated":true}]}}